{"id":1828,"date":"2023-02-21T23:04:12","date_gmt":"2023-02-21T22:04:12","guid":{"rendered":"https:\/\/www.univ-alger.dz\/?page_id=1828"},"modified":"2023-02-21T23:04:14","modified_gmt":"2023-02-21T22:04:14","slug":"vice-rectorat-charge-de-la-formation-superieure-du-premier-et-deuxieme-cycles-la-formation-continue-les-diplomes-et-la-formation-superieure-de-graduation","status":"publish","type":"page","link":"https:\/\/www.univ-alger.dz\/?page_id=1828&lang=fr","title":{"rendered":"Vice-Rectorat charg\u00e9 de la Formation Sup\u00e9rieure du Premier et Deuxi\u00e8me Cycles, la Formation Continue, les Dipl\u00f4mes et la Formation Sup\u00e9rieure de Graduation"},"content":{"rendered":"\n<figure class=\"wp-block-image size-full is-resized\"><img loading=\"lazy\" decoding=\"async\" src=\"https:\/\/www.univ-alger.dz\/wp-content\/uploads\/2023\/02\/VPG.jpg\" alt=\"\" class=\"wp-image-1829\" width=\"1027\" height=\"128\" srcset=\"https:\/\/www.univ-alger.dz\/wp-content\/uploads\/2023\/02\/VPG.jpg 1024w, https:\/\/www.univ-alger.dz\/wp-content\/uploads\/2023\/02\/VPG-300x38.jpg 300w, https:\/\/www.univ-alger.dz\/wp-content\/uploads\/2023\/02\/VPG-768x96.jpg 768w\" sizes=\"auto, (max-width: 1027px) 100vw, 1027px\" \/><\/figure>\n","protected":false},"excerpt":{"rendered":"","protected":false},"author":1,"featured_media":0,"parent":0,"menu_order":0,"comment_status":"closed","ping_status":"closed","template":"","meta":{"footnotes":""},"class_list":["post-1828","page","type-page","status-publish","hentry"],"_links":{"self":[{"href":"https:\/\/www.univ-alger.dz\/index.php?rest_route=\/wp\/v2\/pages\/1828","targetHints":{"allow":["GET"]}}],"collection":[{"href":"https:\/\/www.univ-alger.dz\/index.php?rest_route=\/wp\/v2\/pages"}],"about":[{"href":"https:\/\/www.univ-alger.dz\/index.php?rest_route=\/wp\/v2\/types\/page"}],"author":[{"embeddable":true,"href":"https:\/\/www.univ-alger.dz\/index.php?rest_route=\/wp\/v2\/users\/1"}],"replies":[{"embeddable":true,"href":"https:\/\/www.univ-alger.dz\/index.php?rest_route=%2Fwp%2Fv2%2Fcomments&post=1828"}],"version-history":[{"count":1,"href":"https:\/\/www.univ-alger.dz\/index.php?rest_route=\/wp\/v2\/pages\/1828\/revisions"}],"predecessor-version":[{"id":1830,"href":"https:\/\/www.univ-alger.dz\/index.php?rest_route=\/wp\/v2\/pages\/1828\/revisions\/1830"}],"wp:attachment":[{"href":"https:\/\/www.univ-alger.dz\/index.php?rest_route=%2Fwp%2Fv2%2Fmedia&parent=1828"}],"curies":[{"name":"wp","href":"https:\/\/api.w.org\/{rel}","templated":true}]}}