{"id":1822,"date":"2023-02-21T22:45:43","date_gmt":"2023-02-21T21:45:43","guid":{"rendered":"https:\/\/www.univ-alger.dz\/?page_id=1822"},"modified":"2025-11-30T11:11:55","modified_gmt":"2025-11-30T10:11:55","slug":"laboratoires-de-recherche","status":"publish","type":"page","link":"https:\/\/www.univ-alger.dz\/?page_id=1822&lang=fr","title":{"rendered":"Laboratoires de Recherche"},"content":{"rendered":"\n<figure class=\"wp-block-image size-large\"><img loading=\"lazy\" decoding=\"async\" width=\"1024\" height=\"129\" src=\"https:\/\/www.univ-alger.dz\/wp-content\/uploads\/2023\/02\/Sans-titre-1-1-1024x129.jpg\" alt=\"\" class=\"wp-image-2004\" srcset=\"https:\/\/www.univ-alger.dz\/wp-content\/uploads\/2023\/02\/Sans-titre-1-1-1024x129.jpg 1024w, https:\/\/www.univ-alger.dz\/wp-content\/uploads\/2023\/02\/Sans-titre-1-1-300x38.jpg 300w, https:\/\/www.univ-alger.dz\/wp-content\/uploads\/2023\/02\/Sans-titre-1-1-768x96.jpg 768w, https:\/\/www.univ-alger.dz\/wp-content\/uploads\/2023\/02\/Sans-titre-1-1-1536x193.jpg 1536w, https:\/\/www.univ-alger.dz\/wp-content\/uploads\/2023\/02\/Sans-titre-1-1-2048x257.jpg 2048w\" sizes=\"auto, (max-width: 1024px) 100vw, 1024px\" \/><\/figure>\n\n\n\n<ul class=\"wp-block-list\">\n<li><\/li>\n<\/ul>\n\n\n\n<p class=\"has-text-align-center has-black-color has-text-color has-medium-font-size\"><strong>Il existe 37 laboratoires \u00e0 l&rsquo;Universit\u00e9 d&rsquo;Alger 1 Ben youcef BENKHEDDA, r\u00e9partis en cinq facult\u00e9s, la Facult\u00e9 de M\u00e9decine (20 laboratoires dont un laboratoire d&rsquo;excellence), la Facult\u00e9 de Pharmacie (04 laboratoires), la Facult\u00e9 des Sciences  (04 laboratoires), la Facult\u00e9 de droit (07 laboratoires), la Facult\u00e9 des sciences islamiques (02 laboratoires).<\/strong><\/p>\n\n\n\n<p class=\"has-black-color has-text-color has-large-font-size\"><strong>Facult\u00e9 de m\u00e9decine<\/strong><\/p>\n\n\n\n<ol start=\"1\" style=\"list-style-type:1\" class=\"wp-block-list\">\n<li><a href=\"http:\/\/labos.univ-alger.dz\/LEM\/\">Laboratoire d&rsquo;endocrino et m\u00e9tabolisme<\/a><\/li>\n\n\n\n<li><a href=\"http:\/\/labos.univ-alger.dz\/SORC\/\">Laboratoire de recherche Stress Oxydant Rein et Complications associ\u00e9es<\/a><\/li>\n\n\n\n<li>Laboratoire de recherche et r\u00e9f\u00e9rence en h\u00e9mostase h\u00e9morragie et thrombose<\/li>\n\n\n\n<li>Laboratoire d\u2019Audiophonologie et de la Communication<\/li>\n\n\n\n<li><a href=\"http:\/\/labos.univ-alger.dz\/LCOC\/\">Laboratoire de cardio oncologie collaborative<\/a><\/li>\n\n\n\n<li><a href=\"http:\/\/labos.univ-alger.dz\/LBST\">Laboratoire de biogenotoxocologie et sant\u00e9 du travail<\/a><\/li>\n\n\n\n<li>Laboratoire d&rsquo;oncologie mol\u00e9culaire fondamentale et appliqu\u00e9e<\/li>\n\n\n\n<li><a href=\"http:\/\/labos.univ-alger.dz\/LBG\">Laboratoire de biochimie g\u00e9n\u00e9tique<\/a><\/li>\n\n\n\n<li>Laboratoire de groupe de recherche en diab\u00e8te et grossesse<\/li>\n\n\n\n<li>Laboratoire immuno- oncologie<\/li>\n\n\n\n<li>Laboratoire des arythmies s\u00e9v\u00e8res et pr\u00e9vention de la mort<\/li>\n\n\n\n<li><a href=\"http:\/\/labos.univ-alger.dz\/LCG\/\">Laboratoire de cytog\u00e9n\u00e9tique et de g\u00e9n\u00e9tique oncologique<\/a><\/li>\n\n\n\n<li><a href=\"http:\/\/labos.univ-alger.dz\/LPG\/\">Laboratoire Etude Polymorphisme G\u00e9n\u00e9tique<\/a><\/li>\n\n\n\n<li><a href=\"http:\/\/labos.univ-alger.dz\/LNS\">Laboratoire Neuroscience<\/a><\/li>\n\n\n\n<li>Laboratoire Risque cardiovasculaire en n\u00e9phrologie et transplantation<\/li>\n\n\n\n<li>Laboratoire Bio pathologie et cancer<\/li>\n\n\n\n<li>Laboratoire simulation en an\u00e9sth\u00e9sie r\u00e9animation et medecine d&rsquo;urgence<\/li>\n\n\n\n<li><a href=\"http:\/\/labos.univ-alger.dz\/LAML\">Laboratoire anthropologie m\u00e9dico-l\u00e9gale<\/a><\/li>\n\n\n\n<li><a href=\"http:\/\/labos.univ-alger.dz\/LSIGIMD\">Laboratoire S\u00e9nologie interventionnelle guid\u00e9e par imagerie m\u00e9dicale dans le diagnostique pr\u00e9coce et le traitement du cancer du sein<\/a><\/li>\n\n\n\n<li>Laboratoire des maladies respiratoires non transmissibles<\/li>\n<\/ol>\n\n\n\n<hr class=\"wp-block-separator aligncenter has-alpha-channel-opacity\"\/>\n\n\n\n<p class=\"has-black-color has-text-color has-large-font-size\"><strong>Facult\u00e9 de pharmacie<\/strong><\/p>\n\n\n\n<ol start=\"1\" style=\"list-style-type:1\" class=\"wp-block-list\">\n<li><a href=\"http:\/\/labos.univ-alger.dz\/LMMGR\/\">Laboratoire maladies m\u00e9taboliques et g\u00e9n\u00e9tiques rares<\/a><\/li>\n\n\n\n<li><a href=\"http:\/\/labos.univ-alger.dz\/LPGI\">Laboratoire pharmacie galenique industrielle<\/a><\/li>\n\n\n\n<li><a href=\"http:\/\/labos.univ-alger.dz\/LMACMH\">Laboratoire des m\u00e9decines alternatives et compl\u00e9mentaires en milieu hospitalier<\/a><\/li>\n\n\n\n<li>Laboratoire de biosciences m\u00e9dico-pharmaceutiques<\/li>\n<\/ol>\n\n\n\n<hr class=\"wp-block-separator has-alpha-channel-opacity\"\/>\n\n\n\n<p class=\"has-black-color has-text-color has-large-font-size\"><strong>Facult\u00e9 des sciences<\/strong>&nbsp;<\/p>\n\n\n\n<ol start=\"1\" style=\"list-style-type:1\" class=\"wp-block-list\">\n<li><a href=\"http:\/\/labos.univ-alger.dz\/LVBRN\/\">Laboratoire de Valorisation et Bio Ing\u00e9nierie des Ressources Naturelles<\/a><\/li>\n\n\n\n<li>La<a href=\"http:\/\/labos.univ-alger.dz\/LREVIECO\">boratoire des ressources vivantes a int\u00e9r\u00eat \u00e9conomique en Alg\u00e9rie<\/a><\/li>\n\n\n\n<li>Laboratoire d&rsquo;analyse math\u00e9matique et applications<\/li>\n\n\n\n<li><a href=\"http:\/\/labos.univ-alger.dz\/LSME\/\">laboratoire de science des mat\u00e9riaux et l&rsquo;environnement.<\/a><\/li>\n<\/ol>\n\n\n\n<hr class=\"wp-block-separator has-alpha-channel-opacity\"\/>\n\n\n\n<p class=\"has-black-color has-text-color has-large-font-size\"><strong>Facult\u00e9 de droit<\/strong><\/p>\n\n\n\n<ol start=\"1\" style=\"list-style-type:1\" class=\"wp-block-list\">\n<li><a href=\"http:\/\/labo.univ-alger.dz\/LDHDIH\">Laboratoire Droits de l\u2019Homme et Droit internationale humanitaire<\/a><\/li>\n\n\n\n<li><a href=\"http:\/\/labos.univ-alger.dz\/LRSC\/\">Laboratoire de recherche en Sciences criminelles<\/a><\/li>\n\n\n\n<li><a href=\"http:\/\/lien.univ-alger.dz\/LDF\">Laboratoire droit de la famille<\/a><\/li>\n\n\n\n<li><a href=\"http:\/\/labos.univ-alger.dz\/LMDGA\">Laboratoire m\u00e9canisme pour le d\u00e9veloppement global en Alg\u00e9rie<\/a><\/li>\n\n\n\n<li>Laboratoire num\u00e9rique; \u00e9conomie verte et droit des affaires<\/li>\n\n\n\n<li><a href=\"http:\/\/labos.univ-alger.dz\/LDE\/\" data-type=\"URL\">Laboratoire droit \u00e9conomique<\/a><\/li>\n\n\n\n<li><a href=\"http:\/\/labos.univ-alger.dz\/LJIAS\/\">Laboratoire juridique de l&rsquo;intelligence artificielle et la soci\u00e9t\u00e9<\/a><\/li>\n\n\n\n<li><a href=\"http:\/\/lien.univ-alger.dz\/CMEM\/\">Laboratoire des contrats contemporains et des exigences du march\u00e9<\/a><\/li>\n<\/ol>\n\n\n\n<hr class=\"wp-block-separator has-alpha-channel-opacity\"\/>\n\n\n\n<p class=\"has-black-color has-text-color has-large-font-size\"><strong>Facult\u00e9 des sciences islamique<\/strong><\/p>\n\n\n\n<ol start=\"1\" style=\"list-style-type:1\" class=\"wp-block-list\">\n<li><a href=\"http:\/\/labos.univ-alger.dz\/LCHARIAA\/\">Laboratoire chariaa<\/a><\/li>\n\n\n\n<li><a href=\"http:\/\/labos.univ-alger.dz\/LMRSIFSE\">Laboratoire m\u00e9thodes de recherche et d&rsquo;\u00e9valuation en sciences islamiques et leurs objectifs<\/a><\/li>\n<\/ol>\n","protected":false},"excerpt":{"rendered":"<p>Il existe 37 laboratoires \u00e0 l&rsquo;Universit\u00e9 d&rsquo;Alger 1 Ben youcef BENKHEDDA, r\u00e9partis en cinq facult\u00e9s, la Facult\u00e9 de M\u00e9decine (20<\/p>\n","protected":false},"author":1,"featured_media":0,"parent":0,"menu_order":0,"comment_status":"closed","ping_status":"closed","template":"","meta":{"footnotes":""},"class_list":["post-1822","page","type-page","status-publish","hentry"],"_links":{"self":[{"href":"https:\/\/www.univ-alger.dz\/index.php?rest_route=\/wp\/v2\/pages\/1822","targetHints":{"allow":["GET"]}}],"collection":[{"href":"https:\/\/www.univ-alger.dz\/index.php?rest_route=\/wp\/v2\/pages"}],"about":[{"href":"https:\/\/www.univ-alger.dz\/index.php?rest_route=\/wp\/v2\/types\/page"}],"author":[{"embeddable":true,"href":"https:\/\/www.univ-alger.dz\/index.php?rest_route=\/wp\/v2\/users\/1"}],"replies":[{"embeddable":true,"href":"https:\/\/www.univ-alger.dz\/index.php?rest_route=%2Fwp%2Fv2%2Fcomments&post=1822"}],"version-history":[{"count":47,"href":"https:\/\/www.univ-alger.dz\/index.php?rest_route=\/wp\/v2\/pages\/1822\/revisions"}],"predecessor-version":[{"id":9648,"href":"https:\/\/www.univ-alger.dz\/index.php?rest_route=\/wp\/v2\/pages\/1822\/revisions\/9648"}],"wp:attachment":[{"href":"https:\/\/www.univ-alger.dz\/index.php?rest_route=%2Fwp%2Fv2%2Fmedia&parent=1822"}],"curies":[{"name":"wp","href":"https:\/\/api.w.org\/{rel}","templated":true}]}}