{"id":1816,"date":"2023-02-21T22:33:22","date_gmt":"2023-02-21T21:33:22","guid":{"rendered":"https:\/\/www.univ-alger.dz\/?page_id=1816"},"modified":"2023-02-21T22:34:27","modified_gmt":"2023-02-21T21:34:27","slug":"secretariat-general","status":"publish","type":"page","link":"https:\/\/www.univ-alger.dz\/?page_id=1816&lang=fr","title":{"rendered":"Secr\u00e9tariat G\u00e9n\u00e9ral"},"content":{"rendered":"\n<figure class=\"wp-block-image size-full\"><img loading=\"lazy\" decoding=\"async\" width=\"1024\" height=\"128\" src=\"https:\/\/www.univ-alger.dz\/wp-content\/uploads\/2023\/02\/sg.jpg\" alt=\"\" class=\"wp-image-1817\" srcset=\"https:\/\/www.univ-alger.dz\/wp-content\/uploads\/2023\/02\/sg.jpg 1024w, https:\/\/www.univ-alger.dz\/wp-content\/uploads\/2023\/02\/sg-300x38.jpg 300w, https:\/\/www.univ-alger.dz\/wp-content\/uploads\/2023\/02\/sg-768x96.jpg 768w\" sizes=\"auto, (max-width: 1024px) 100vw, 1024px\" \/><\/figure>\n","protected":false},"excerpt":{"rendered":"","protected":false},"author":1,"featured_media":0,"parent":0,"menu_order":0,"comment_status":"closed","ping_status":"closed","template":"","meta":{"footnotes":""},"class_list":["post-1816","page","type-page","status-publish","hentry"],"_links":{"self":[{"href":"https:\/\/www.univ-alger.dz\/index.php?rest_route=\/wp\/v2\/pages\/1816","targetHints":{"allow":["GET"]}}],"collection":[{"href":"https:\/\/www.univ-alger.dz\/index.php?rest_route=\/wp\/v2\/pages"}],"about":[{"href":"https:\/\/www.univ-alger.dz\/index.php?rest_route=\/wp\/v2\/types\/page"}],"author":[{"embeddable":true,"href":"https:\/\/www.univ-alger.dz\/index.php?rest_route=\/wp\/v2\/users\/1"}],"replies":[{"embeddable":true,"href":"https:\/\/www.univ-alger.dz\/index.php?rest_route=%2Fwp%2Fv2%2Fcomments&post=1816"}],"version-history":[{"count":1,"href":"https:\/\/www.univ-alger.dz\/index.php?rest_route=\/wp\/v2\/pages\/1816\/revisions"}],"predecessor-version":[{"id":1818,"href":"https:\/\/www.univ-alger.dz\/index.php?rest_route=\/wp\/v2\/pages\/1816\/revisions\/1818"}],"wp:attachment":[{"href":"https:\/\/www.univ-alger.dz\/index.php?rest_route=%2Fwp%2Fv2%2Fmedia&parent=1816"}],"curies":[{"name":"wp","href":"https:\/\/api.w.org\/{rel}","templated":true}]}}