{"id":1114,"date":"2023-02-12T01:23:49","date_gmt":"2023-02-12T00:23:49","guid":{"rendered":"https:\/\/www.univ-alger.dz\/?page_id=1114"},"modified":"2025-03-11T14:18:19","modified_gmt":"2025-03-11T13:18:19","slug":"1114-2","status":"publish","type":"page","link":"https:\/\/www.univ-alger.dz\/?page_id=1114","title":{"rendered":"\u0627\u0644\u0645\u0634\u0627\u0631\u064a\u0639 \u0627\u0644\u062f\u0648\u0644\u064a\u0629"},"content":{"rendered":"<style id=\"kb-accordion_4bd8aa-4c\">.kt-accordion-id_4bd8aa-4c .kt-accordion-panel-inner {background:#ffffff;border-width:0px 0px 0px 0px;}.kt-accordion-id_4bd8aa-4c .wp-block-kadence-pane .kt-accordion-header-wrap .kt-blocks-accordion-header {color:#555555;background:#f2f2f2;border-color:#555555 #555555 #555555 #555555;font-size:18px;line-height:24px;border-radius:6px 6px 6px 6px;border-width:0px 0px 0px 0px;padding-top:14px;padding-right:16px;padding-bottom:14px;padding-left:16px;margin-top:10px;}.kt-accordion-id_4bd8aa-4c .kt-blocks-accordion-header .kt-btn-svg-icon svg {width:18px;height:18px;}.kt-accordion-id_4bd8aa-4c:not( .kt-accodion-icon-style-basiccircle ):not( .kt-accodion-icon-style-xclosecircle ):not( .kt-accodion-icon-style-arrowcircle ) .kt-blocks-accordion-icon-trigger:after, .kt-accordion-id_4bd8aa-4c:not( .kt-accodion-icon-style-basiccircle ):not( .kt-accodion-icon-style-xclosecircle ):not( .kt-accodion-icon-style-arrowcircle ) .kt-blocks-accordion-icon-trigger:before {background:#555555;}.kt-accordion-id_4bd8aa-4c:not( .kt-accodion-icon-style-basic ):not( .kt-accodion-icon-style-xclose ):not( .kt-accodion-icon-style-arrow ) .kt-blocks-accordion-icon-trigger {background:#555555;}.kt-accordion-id_4bd8aa-4c:not( .kt-accodion-icon-style-basic ):not( .kt-accodion-icon-style-xclose ):not( .kt-accodion-icon-style-arrow ) .kt-blocks-accordion-icon-trigger:after, .kt-accordion-id_4bd8aa-4c:not( .kt-accodion-icon-style-basic ):not( .kt-accodion-icon-style-xclose ):not( .kt-accodion-icon-style-arrow ) .kt-blocks-accordion-icon-trigger:before {background:#f2f2f2;}.kt-accordion-id_4bd8aa-4c .kt-accordion-header-wrap .kt-blocks-accordion-header:hover, .kt-accordion-id_4bd8aa-4c .kt-accordion-header-wrap .kt-blocks-accordion-header:focus {color:#444444;background:#eeeeee;border-color:#eeeeee #eeeeee #eeeeee #eeeeee;}.kt-accordion-id_4bd8aa-4c:not( .kt-accodion-icon-style-basiccircle ):not( .kt-accodion-icon-style-xclosecircle ):not( .kt-accodion-icon-style-arrowcircle ) .kt-blocks-accordion-header:hover .kt-blocks-accordion-icon-trigger:after, .kt-accordion-id_4bd8aa-4c:not( .kt-accodion-icon-style-basiccircle ):not( .kt-accodion-icon-style-xclosecircle ):not( .kt-accodion-icon-style-arrowcircle ) .kt-blocks-accordion-header:hover .kt-blocks-accordion-icon-trigger:before, .kt-accordion-id_4bd8aa-4c:not( .kt-accodion-icon-style-basiccircle ):not( .kt-accodion-icon-style-xclosecircle ):not( .kt-accodion-icon-style-arrowcircle ) .kt-blocks-accordion-header:focus .kt-blocks-accordion-icon-trigger:after, .kt-accordion-id_4bd8aa-4c:not( .kt-accodion-icon-style-basiccircle ):not( .kt-accodion-icon-style-xclosecircle ):not( .kt-accodion-icon-style-arrowcircle ) .kt-blocks-accordion-header:focus .kt-blocks-accordion-icon-trigger:before {background:#444444;}.kt-accordion-id_4bd8aa-4c:not( .kt-accodion-icon-style-basic ):not( .kt-accodion-icon-style-xclose ):not( .kt-accodion-icon-style-arrow ) .kt-blocks-accordion-header:hover .kt-blocks-accordion-icon-trigger, .kt-accordion-id_4bd8aa-4c:not( .kt-accodion-icon-style-basic ):not( .kt-accodion-icon-style-xclose ):not( .kt-accodion-icon-style-arrow ) .kt-blocks-accordion-header:focus .kt-blocks-accordion-icon-trigger {background:#444444;}.kt-accordion-id_4bd8aa-4c:not( .kt-accodion-icon-style-basic ):not( .kt-accodion-icon-style-xclose ):not( .kt-accodion-icon-style-arrow ) .kt-blocks-accordion-header:hover .kt-blocks-accordion-icon-trigger:after, .kt-accordion-id_4bd8aa-4c:not( .kt-accodion-icon-style-basic ):not( .kt-accodion-icon-style-xclose ):not( .kt-accodion-icon-style-arrow ) .kt-blocks-accordion-header:hover .kt-blocks-accordion-icon-trigger:before, .kt-accordion-id_4bd8aa-4c:not( .kt-accodion-icon-style-basic ):not( .kt-accodion-icon-style-xclose ):not( .kt-accodion-icon-style-arrow ) .kt-blocks-accordion-header:focus .kt-blocks-accordion-icon-trigger:after, .kt-accordion-id_4bd8aa-4c:not( .kt-accodion-icon-style-basic ):not( .kt-accodion-icon-style-xclose ):not( .kt-accodion-icon-style-arrow ) .kt-blocks-accordion-header:focus .kt-blocks-accordion-icon-trigger:before {background:#eeeeee;}.kt-accordion-id_4bd8aa-4c .kt-accordion-header-wrap .kt-blocks-accordion-header.kt-accordion-panel-active {color:#ffffff;background:#f3690e;border-color:#f3690e #f3690e #f3690e #f3690e;}.kt-accordion-id_4bd8aa-4c:not( .kt-accodion-icon-style-basiccircle ):not( .kt-accodion-icon-style-xclosecircle ):not( .kt-accodion-icon-style-arrowcircle ) .kt-blocks-accordion-header.kt-accordion-panel-active .kt-blocks-accordion-icon-trigger:after, .kt-accordion-id_4bd8aa-4c:not( .kt-accodion-icon-style-basiccircle ):not( .kt-accodion-icon-style-xclosecircle ):not( .kt-accodion-icon-style-arrowcircle ) .kt-blocks-accordion-header.kt-accordion-panel-active .kt-blocks-accordion-icon-trigger:before {background:#ffffff;}.kt-accordion-id_4bd8aa-4c:not( .kt-accodion-icon-style-basic ):not( .kt-accodion-icon-style-xclose ):not( .kt-accodion-icon-style-arrow ) .kt-blocks-accordion-header.kt-accordion-panel-active .kt-blocks-accordion-icon-trigger {background:#ffffff;}.kt-accordion-id_4bd8aa-4c:not( .kt-accodion-icon-style-basic ):not( .kt-accodion-icon-style-xclose ):not( .kt-accodion-icon-style-arrow ) .kt-blocks-accordion-header.kt-accordion-panel-active .kt-blocks-accordion-icon-trigger:after, .kt-accordion-id_4bd8aa-4c:not( .kt-accodion-icon-style-basic ):not( .kt-accodion-icon-style-xclose ):not( .kt-accodion-icon-style-arrow ) .kt-blocks-accordion-header.kt-accordion-panel-active .kt-blocks-accordion-icon-trigger:before {background:#f3690e;}<\/style>\n<div class=\"wp-block-kadence-accordion alignnone\"><div class=\"kt-accordion-wrap kt-accordion-wrap kt-accordion-id_4bd8aa-4c kt-accordion-has-7-panes kt-active-pane-0 kt-accordion-block kt-pane-header-alignment-left kt-accodion-icon-style-basic kt-accodion-icon-side-right\" style=\"max-width:none\"><div class=\"kt-accordion-inner-wrap\" data-allow-multiple-open=\"false\" data-start-open=\"none\">\n<div class=\"wp-block-kadence-pane kt-accordion-pane kt-accordion-pane-1 kt-pane_efa7fe-63\"><div class=\"kt-accordion-header-wrap\"><button class=\"kt-blocks-accordion-header kt-acccordion-button-label-show\"><span class=\"kt-blocks-accordion-title-wrap\"><span class=\"kt-blocks-accordion-title\">\u0645\u0634\u0631\u0648\u0639  ESAGOVE <\/span><\/span><span class=\"kt-blocks-accordion-icon-trigger\"><\/span><\/button><\/div><div class=\"kt-accordion-panel\"><div class=\"kt-accordion-panel-inner\"><style id=\"kb-advancedgallery_3327fe-73\">.wp-block-kadence-advancedgallery ul.kb-gallery-id-_3327fe-73 {margin: -11px;}.kb-gallery-id-_3327fe-73 .kadence-blocks-gallery-item {padding:11px;}.kb-gallery-type-carousel.kb-gallery-id-_3327fe-73 .kt-blocks-carousel .kt-blocks-carousel-init {margin: 0 -11px;}.kb-gallery-type-carousel.kb-gallery-id-_3327fe-73 .kt-blocks-carousel .kt-blocks-carousel-init .kb-slide-item, .kb-gallery-type-fluidcarousel.kb-gallery-id-_3327fe-73 .kt-blocks-carousel .kt-blocks-carousel-init .kb-slide-item, .kb-gallery-type-carousel .kt-blocks-carousel-init:not(.slick-initialized) .kb-slide-item {padding: 4px 11px;}.kb-gallery-type-fluidcarousel.kb-gallery-id-_3327fe-73 .kt-blocks-carousel .kt-blocks-carousel-init.kb-carousel-mode-align-left .kb-slide-item {padding: 4px 22px 4px 0;}.kb-gallery-type-carousel.kb-gallery-id-_3327fe-73 .kt-blocks-carousel .kt-blocks-carousel-init .slick-prev {left:11px;}.kb-gallery-type-carousel.kb-gallery-id-_3327fe-73 .kt-blocks-carousel .kt-blocks-carousel-init .slick-next {right:11px;}.kb-gallery-id-_3327fe-73.kb-gallery-ul.kb-gallery-type-fluidcarousel .kt-blocks-carousel figure .kb-gal-image-radius, .kb-gallery-id-_3327fe-73.kb-gallery-ul.kb-gallery-type-fluidcarousel .kt-blocks-carousel figure .kb-gal-image-radius img {height:253px;}.wp-block-kadence-advancedgallery.kb-gallery-wrap-id-_3327fe-73 {overflow:visible;}.kb-gallery-id-_3327fe-73 .kadence-blocks-gallery-item .kb-gal-image-radius {box-shadow:4px 2px 14px 0px rgba(0, 0, 0, 0.2);}.kb-gallery-id-_3327fe-73 .kadence-blocks-gallery-item:hover .kb-gal-image-radius {box-shadow:4px 2px 14px 0px rgba(0,0,0,0.2);}<\/style>\n<div class=\"wp-block-kadence-advancedgallery kb-gallery-wrap-id-_3327fe-73\"><div class=\"kb-gallery-ul kb-gallery-type-fluidcarousel kb-gallery-id-_3327fe-73 kb-gallery-caption-style-bottom-hover kb-gallery-filter-none\" data-image-filter=\"none\" data-lightbox-caption=\"true\"><div class=\"kt-blocks-carousel kt-carousel-container-dotstyle-dark\"><div class=\"kt-blocks-carousel-init kb-blocks-fluid-carousel kt-carousel-arrowstyle-blackonlight kt-carousel-dotstyle-dark\" data-slider-anim-speed=\"1360\" data-slider-type=\"fluidcarousel\" data-slider-scroll=\"1\" data-slider-arrows=\"true\" data-slider-dots=\"true\" data-slider-hover-pause=\"false\" data-slider-auto=\"true\" data-slider-speed=\"1030\"><div class=\"kb-slide-item kb-gallery-carousel-item\"><div class=\"kadence-blocks-gallery-item\"><div class=\"kadence-blocks-gallery-item-inner\"><figure class=\"kb-gallery-figure\"><div class=\"kb-gal-image-radius\"><div class=\"kb-gallery-image-contain\"><img loading=\"lazy\" decoding=\"async\" src=\"https:\/\/www.univ-alger.dz\/wp-content\/uploads\/2023\/02\/222-e1673471335132.png\" width=\"321\" height=\"157\" alt=\"\" data-full-image=\"https:\/\/www.univ-alger.dz\/wp-content\/uploads\/2023\/02\/222-e1673471335132.png\" data-light-image=\"https:\/\/www.univ-alger.dz\/wp-content\/uploads\/2023\/02\/222-e1673471335132.png\" data-id=\"1137\" data-link=\"https:\/\/www.univ-alger.dz\/?attachment_id=1137\" data-custom-link=\"\" data-custom-link-target=\"\" data-sponsored=\"\" class=\"wp-image-1137 skip-lazy\" srcset=\"https:\/\/www.univ-alger.dz\/wp-content\/uploads\/2023\/02\/222-e1673471335132.png 321w, https:\/\/www.univ-alger.dz\/wp-content\/uploads\/2023\/02\/222-e1673471335132-300x147.png 300w\" sizes=\"auto, (max-width: 321px) 100vw, 321px\" \/><\/div><\/div><\/figure><\/div><\/div><\/div><\/div><\/div><\/div><\/div>\n\n\n\n<div class=\"wp-block-columns is-layout-flex wp-container-core-columns-is-layout-9d6595d7 wp-block-columns-is-layout-flex\">\n<div class=\"wp-block-column is-layout-flow wp-block-column-is-layout-flow\" style=\"flex-basis:100%\">\n<div class=\"wp-block-kadence-advancedgallery kb-gallery-wrap-id-_648bf0-48\"><ul class=\"kb-gallery-ul kb-gallery-type-masonry kb-masonry-init kb-gallery-id-_648bf0-48 kb-gallery-caption-style-bottom-hover kb-gallery-filter-none\" data-item-selector=\".kadence-blocks-gallery-item\" data-image-filter=\"none\" data-lightbox-caption=\"true\" data-columns-xxl=\"3\" data-columns-xl=\"3\" data-columns-lg=\"3\" data-columns-md=\"2\" data-columns-sm=\"1\" data-columns-xs=\"1\"><\/ul><\/div>\n\n\n\n<p>Enseignement Sup\u00e9rieur Alg\u00e9rien \u00e0 l\u2019heure de la Gouvernance \/ cl\u00f4tur\u00e9 en janvier 2023 \/ dur\u00e9e de 04 ans. <a href=\"https:\/\/esagovproject.eu\/\">https:\/\/esagovproject.eu<\/a><\/p>\n<\/div>\n<\/div>\n<\/div><\/div><\/div>\n\n\n\n<div class=\"wp-block-kadence-pane kt-accordion-pane kt-accordion-pane-3 kt-pane_8ab778-78\"><div class=\"kt-accordion-header-wrap\"><button class=\"kt-blocks-accordion-header kt-acccordion-button-label-show\"><span class=\"kt-blocks-accordion-title-wrap\"><span class=\"kt-blocks-accordion-title\">\u0645\u0634\u0631\u0648\u0639  <strong>DIGITAQ<\/strong><\/span><\/span><span class=\"kt-blocks-accordion-icon-trigger\"><\/span><\/button><\/div><div class=\"kt-accordion-panel\"><div class=\"kt-accordion-panel-inner\">\n<div class=\"wp-block-columns is-layout-flex wp-container-core-columns-is-layout-9d6595d7 wp-block-columns-is-layout-flex\">\n<div class=\"wp-block-column is-layout-flow wp-block-column-is-layout-flow\" style=\"flex-basis:100%\">\n<div class=\"wp-block-kadence-advancedgallery kb-gallery-wrap-id-_2dd5ca-1b\"><div class=\"kb-gallery-ul kb-gallery-type-fluidcarousel kb-gallery-id-_2dd5ca-1b kb-gallery-caption-style-bottom-hover kb-gallery-filter-none\" data-image-filter=\"none\" data-lightbox-caption=\"true\"><div class=\"kt-blocks-carousel kt-carousel-container-dotstyle-dark\"><div class=\"kt-blocks-carousel-init kb-blocks-fluid-carousel kt-carousel-arrowstyle-whiteondark kt-carousel-dotstyle-dark\" data-slider-anim-speed=\"400\" data-slider-type=\"fluidcarousel\" data-slider-scroll=\"1\" data-slider-arrows=\"true\" data-slider-dots=\"true\" data-slider-hover-pause=\"false\" data-slider-auto=\"false\" data-slider-speed=\"7000\"><div class=\"kb-slide-item kb-gallery-carousel-item\"><div class=\"kadence-blocks-gallery-item\"><div class=\"kadence-blocks-gallery-item-inner\"><figure class=\"kb-gallery-figure kadence-blocks-gallery-item-hide-caption\"><div class=\"kb-gal-image-radius\"><div class=\"kb-gallery-image-contain\"><img loading=\"lazy\" decoding=\"async\" src=\"https:\/\/www.univ-alger.dz\/wp-content\/uploads\/2025\/03\/images.png\" width=\"353\" height=\"143\" alt=\"\" data-full-image=\"https:\/\/www.univ-alger.dz\/wp-content\/uploads\/2025\/03\/images.png\" data-light-image=\"https:\/\/www.univ-alger.dz\/wp-content\/uploads\/2025\/03\/images.png\" data-id=\"8556\" data-link=\"https:\/\/www.univ-alger.dz\/?attachment_id=8556\" data-custom-link=\"\" data-custom-link-target=\"\" data-sponsored=\"\" class=\"wp-image-8556 skip-lazy\" srcset=\"https:\/\/www.univ-alger.dz\/wp-content\/uploads\/2025\/03\/images.png 353w, https:\/\/www.univ-alger.dz\/wp-content\/uploads\/2025\/03\/images-300x122.png 300w\" sizes=\"auto, (max-width: 353px) 100vw, 353px\" \/><\/div><\/div><\/figure><\/div><\/div><\/div><\/div><\/div><\/div><\/div>\n\n\n\n<p>Cr\u00e9ation de Capacit\u00e9s Digitales pour le Pilotage de l\u2019Assurance Qualit\u00e9 dans l\u2019Enseignement Sup\u00e9rieur Alg\u00e9rien\/ cl\u00f4tur\u00e9 en octobre 2024. \/ dur\u00e9e de 3ans et 08 mois. <a href=\"https:\/\/www.digitaq.eu\/le-projet\/\">https:\/\/www.digitaq.eu\/le-projet<\/a><\/p>\n<\/div>\n<\/div>\n<\/div><\/div><\/div>\n\n\n\n<div class=\"wp-block-kadence-pane kt-accordion-pane kt-accordion-pane-4 kt-pane_263734-6d\"><div class=\"kt-accordion-header-wrap\"><button class=\"kt-blocks-accordion-header kt-acccordion-button-label-show\"><span class=\"kt-blocks-accordion-title-wrap\"><span class=\"kt-blocks-accordion-title\">\u0645\u0634\u0631\u0648\u0639  <strong>MERIC-Net<\/strong><\/span><\/span><span class=\"kt-blocks-accordion-icon-trigger\"><\/span><\/button><\/div><div class=\"kt-accordion-panel\"><div class=\"kt-accordion-panel-inner\">\n<div class=\"wp-block-columns is-layout-flex wp-container-core-columns-is-layout-9d6595d7 wp-block-columns-is-layout-flex\">\n<div class=\"wp-block-column is-layout-flow wp-block-column-is-layout-flow\" style=\"flex-basis:100%\">\n<div class=\"wp-block-kadence-advancedgallery kb-gallery-wrap-id-_acbf15-fb\"><ul class=\"kb-gallery-ul kb-gallery-type-grid kb-gallery-id-_acbf15-fb kb-gallery-caption-style-bottom-hover kb-gallery-filter-none\" data-item-selector=\".kadence-blocks-gallery-item\" data-image-filter=\"none\" data-lightbox-caption=\"true\" data-columns-xxl=\"3\" data-columns-xl=\"3\" data-columns-lg=\"3\" data-columns-md=\"2\" data-columns-sm=\"1\" data-columns-xs=\"1\"><li class=\"kadence-blocks-gallery-item\"><div class=\"kadence-blocks-gallery-item-inner\"><figure class=\"kb-gallery-figure kadence-blocks-gallery-item-hide-caption kb-has-image-ratio-land32\"><div class=\"kb-gal-image-radius\"><div class=\"kb-gallery-image-contain kadence-blocks-gallery-intrinsic kb-gallery-image-ratio-land32\"><img loading=\"lazy\" decoding=\"async\" src=\"https:\/\/www.univ-alger.dz\/wp-content\/uploads\/2025\/03\/images-1.png\" width=\"372\" height=\"135\" alt=\"\" data-full-image=\"https:\/\/www.univ-alger.dz\/wp-content\/uploads\/2025\/03\/images-1.png\" data-light-image=\"https:\/\/www.univ-alger.dz\/wp-content\/uploads\/2025\/03\/images-1.png\" data-id=\"8557\" data-link=\"https:\/\/www.univ-alger.dz\/?attachment_id=8557\" data-custom-link=\"\" data-custom-link-target=\"\" data-sponsored=\"\" class=\"wp-image-8557\" srcset=\"https:\/\/www.univ-alger.dz\/wp-content\/uploads\/2025\/03\/images-1.png 372w, https:\/\/www.univ-alger.dz\/wp-content\/uploads\/2025\/03\/images-1-300x109.png 300w\" sizes=\"auto, (max-width: 372px) 100vw, 372px\" \/><\/div><\/div><\/figure><\/div><\/li><\/ul><\/div>\n\n\n\n<p>Mediterranean Network of National Information Centerson the Recognition of Qualifications \/ cl\u00f4tur\u00e9 en 2019 \/dur\u00e9e de 03 ans. <a href=\"http:\/\/www.meric-net.eu\/en\/index.aspx\">http:\/\/www.meric-net.eu\/en\/index.aspx<\/a><\/p>\n<\/div>\n<\/div>\n<\/div><\/div><\/div>\n\n\n\n<div class=\"wp-block-kadence-pane kt-accordion-pane kt-accordion-pane-5 kt-pane_cd3378-32\"><div class=\"kt-accordion-header-wrap\"><button class=\"kt-blocks-accordion-header kt-acccordion-button-label-show\"><span class=\"kt-blocks-accordion-title-wrap\"><span class=\"kt-blocks-accordion-title\">\u0645\u0634\u0631\u0648\u0639  <strong>DIRE-MED\u00a0<\/strong><\/span><\/span><span class=\"kt-blocks-accordion-icon-trigger\"><\/span><\/button><\/div><div class=\"kt-accordion-panel\"><div class=\"kt-accordion-panel-inner\">\n<div class=\"wp-block-kadence-advancedgallery kb-gallery-wrap-id-_ef8178-71\"><ul class=\"kb-gallery-ul kb-gallery-type-masonry kb-masonry-init kb-gallery-id-_ef8178-71 kb-gallery-caption-style-bottom-hover kb-gallery-filter-none\" data-item-selector=\".kadence-blocks-gallery-item\" data-image-filter=\"none\" data-lightbox-caption=\"true\" data-columns-xxl=\"3\" data-columns-xl=\"3\" data-columns-lg=\"3\" data-columns-md=\"2\" data-columns-sm=\"1\" data-columns-xs=\"1\"><li class=\"kadence-blocks-gallery-item\"><div class=\"kadence-blocks-gallery-item-inner\"><figure class=\"kb-gallery-figure kadence-blocks-gallery-item-hide-caption\"><div class=\"kb-gal-image-radius\" style=\"max-width:527px\"><div class=\"kb-gallery-image-contain kadence-blocks-gallery-intrinsic\" style=\"padding-bottom:28.46299810246679%\"><img loading=\"lazy\" decoding=\"async\" src=\"https:\/\/www.univ-alger.dz\/wp-content\/uploads\/2025\/03\/dire12.png\" width=\"527\" height=\"150\" alt=\"\" data-full-image=\"https:\/\/www.univ-alger.dz\/wp-content\/uploads\/2025\/03\/dire12.png\" data-light-image=\"https:\/\/www.univ-alger.dz\/wp-content\/uploads\/2025\/03\/dire12.png\" data-id=\"8558\" data-link=\"https:\/\/www.univ-alger.dz\/?attachment_id=8558\" data-custom-link=\"\" data-custom-link-target=\"\" data-sponsored=\"\" class=\"wp-image-8558\" srcset=\"https:\/\/www.univ-alger.dz\/wp-content\/uploads\/2025\/03\/dire12.png 527w, https:\/\/www.univ-alger.dz\/wp-content\/uploads\/2025\/03\/dire12-300x85.png 300w\" sizes=\"auto, (max-width: 527px) 100vw, 527px\" \/><\/div><\/div><\/figure><\/div><\/li><\/ul><\/div>\n\n\n\n<p>Dialogue Interculturel, REseaux et Mobilit\u00e9 en MEDiterran\u00e9e \/ cl\u00f4tur\u00e9 en Octobre 2020 \/ 04 ans<br><a href=\"https:\/\/www.diremedproject.eu\/en\/the-project\/\">https:\/\/www.diremedproject.eu\/en\/the-project<\/a><\/p>\n<\/div><\/div><\/div>\n\n\n\n<div class=\"wp-block-kadence-pane kt-accordion-pane kt-accordion-pane-7 kt-pane_30c753-06\"><div class=\"kt-accordion-header-wrap\"><button class=\"kt-blocks-accordion-header kt-acccordion-button-label-show\"><span class=\"kt-blocks-accordion-title-wrap\"><span class=\"kt-blocks-accordion-title\"><strong>EU METALIC II \u2013 Erasmus Mundus project\u00a0<\/strong><\/span><\/span><span class=\"kt-blocks-accordion-icon-trigger\"><\/span><\/button><\/div><div class=\"kt-accordion-panel\"><div class=\"kt-accordion-panel-inner\">\n<div class=\"wp-block-kadence-advancedgallery kb-gallery-wrap-id-_aca76a-af\"><ul class=\"kb-gallery-ul kb-gallery-type-masonry kb-masonry-init kb-gallery-id-_aca76a-af kb-gallery-caption-style-bottom-hover kb-gallery-filter-none\" data-item-selector=\".kadence-blocks-gallery-item\" data-image-filter=\"none\" data-lightbox-caption=\"true\" data-columns-xxl=\"3\" data-columns-xl=\"3\" data-columns-lg=\"3\" data-columns-md=\"2\" data-columns-sm=\"1\" data-columns-xs=\"1\"><li class=\"kadence-blocks-gallery-item\"><div class=\"kadence-blocks-gallery-item-inner\"><figure class=\"kb-gallery-figure kadence-blocks-gallery-item-hide-caption\"><div class=\"kb-gal-image-radius\" style=\"max-width:588px\"><div class=\"kb-gallery-image-contain kadence-blocks-gallery-intrinsic\" style=\"padding-bottom:34.523809523809526%\"><img loading=\"lazy\" decoding=\"async\" src=\"https:\/\/www.univ-alger.dz\/wp-content\/uploads\/2025\/03\/eu-metalic-for-north-africans.png\" width=\"588\" height=\"203\" alt=\"\" data-full-image=\"https:\/\/www.univ-alger.dz\/wp-content\/uploads\/2025\/03\/eu-metalic-for-north-africans.png\" data-light-image=\"https:\/\/www.univ-alger.dz\/wp-content\/uploads\/2025\/03\/eu-metalic-for-north-africans.png\" data-id=\"8561\" data-link=\"https:\/\/www.univ-alger.dz\/?attachment_id=8561\" data-custom-link=\"\" data-custom-link-target=\"\" data-sponsored=\"\" class=\"wp-image-8561\" srcset=\"https:\/\/www.univ-alger.dz\/wp-content\/uploads\/2025\/03\/eu-metalic-for-north-africans.png 588w, https:\/\/www.univ-alger.dz\/wp-content\/uploads\/2025\/03\/eu-metalic-for-north-africans-300x104.png 300w\" sizes=\"auto, (max-width: 588px) 100vw, 588px\" \/><\/div><\/div><\/figure><\/div><\/li><\/ul><\/div>\n\n\n\n<p>European Union -Morocco-Egypt-Tunisia-Algeria-Libya -International Cooperation. \/cl\u00f4tur\u00e9 le 14 juillet 2017. <a href=\"https:\/\/www.youtube.com\/watch?v=t-ZqXhcmEiQ\">https:\/\/www.youtube.com\/watch?v=t-ZqXhcmEiQ<\/a><\/p>\n<\/div><\/div><\/div>\n<\/div><\/div><\/div>\n\n\n\n<div class=\"wp-block-columns is-layout-flex wp-container-core-columns-is-layout-9d6595d7 wp-block-columns-is-layout-flex\">\n<div class=\"wp-block-column is-layout-flow wp-block-column-is-layout-flow\" style=\"flex-basis:66.66%\"><\/div>\n\n\n\n<div class=\"wp-block-column is-layout-flow wp-block-column-is-layout-flow\" style=\"flex-basis:33.33%\"><\/div>\n<\/div>\n","protected":false},"excerpt":{"rendered":"","protected":false},"author":1,"featured_media":0,"parent":0,"menu_order":0,"comment_status":"closed","ping_status":"closed","template":"","meta":{"footnotes":""},"class_list":["post-1114","page","type-page","status-publish","hentry"],"_links":{"self":[{"href":"https:\/\/www.univ-alger.dz\/index.php?rest_route=\/wp\/v2\/pages\/1114","targetHints":{"allow":["GET"]}}],"collection":[{"href":"https:\/\/www.univ-alger.dz\/index.php?rest_route=\/wp\/v2\/pages"}],"about":[{"href":"https:\/\/www.univ-alger.dz\/index.php?rest_route=\/wp\/v2\/types\/page"}],"author":[{"embeddable":true,"href":"https:\/\/www.univ-alger.dz\/index.php?rest_route=\/wp\/v2\/users\/1"}],"replies":[{"embeddable":true,"href":"https:\/\/www.univ-alger.dz\/index.php?rest_route=%2Fwp%2Fv2%2Fcomments&post=1114"}],"version-history":[{"count":19,"href":"https:\/\/www.univ-alger.dz\/index.php?rest_route=\/wp\/v2\/pages\/1114\/revisions"}],"predecessor-version":[{"id":8570,"href":"https:\/\/www.univ-alger.dz\/index.php?rest_route=\/wp\/v2\/pages\/1114\/revisions\/8570"}],"wp:attachment":[{"href":"https:\/\/www.univ-alger.dz\/index.php?rest_route=%2Fwp%2Fv2%2Fmedia&parent=1114"}],"curies":[{"name":"wp","href":"https:\/\/api.w.org\/{rel}","templated":true}]}}